{"id":5990,"date":"2020-05-28T11:59:30","date_gmt":"2020-05-28T11:59:30","guid":{"rendered":"https:\/\/leonharddenmark.dk\/?post_type=product&#038;p=5990"},"modified":"2022-11-26T02:54:03","modified_gmt":"2022-11-26T02:54:03","slug":"leonhard-conditioner","status":"publish","type":"product","link":"https:\/\/leonharddenmark.dk\/en\/shop\/leonhard-conditioner\/","title":{"rendered":"CONDITIONER"},"content":{"rendered":"<p>Opn\u00e5 et l\u00e6kkert, bl\u00f8dt h\u00e5r, der er nemt at rede ud med den silikonfri Conditioner. En dybdeplejende og cremet conditioner, som fugter og bl\u00f8dg\u00f8r h\u00e5ret uden at tynge samt modvirker statisk elektricitet. Conditioner er velegnet til alle h\u00e5r og hovedbundstyper med sine milde ingredienser og n\u00e6rende og fugtgivende egenskaber.<\/p>\n<p>Conditioner indeholder blandt andet Leonhard Denmarks egen h\u00e5ndlavede hampekstrakt, samt hampefr\u00f8olie, som virker fugtgivende og bl\u00f8dg\u00f8rende. Foruden de h\u00e5ndlavede planteekstrakter indeholder Conditioner blandt andet Behenamidopropyl Dimethylamine (BAPDMA), som er en naturlig forarbejdet olie fra Korsblomst-familien. BAPDMA giver den samme overfladebeskyttelse, du kender fra silikone, men af naturlig oprindelse, s\u00e5 du f\u00e5r en silikofri conditioner der b\u00e5de er farvebeskyttende, udglatter h\u00e5ret og modvirker statisk elektricitet. BAPDMA ophobes ikke i h\u00e5ret, eller forhindre gode n\u00e6ringsstoffer i at tr\u00e6nge ind i h\u00e5ret. Conditioner efterlader et smukt og smidigt h\u00e5r, der er nemt at rede ud.<\/p>\n<ul>\n<li>Mild og effektiv<\/li>\n<li>Glatter h\u00e5ret og modvirker statisk elektricitet<\/li>\n<li>Uden silikone<\/li>\n<li>100 % Vegansk<\/li>\n<li>pH-value around 4,7<\/li>\n<li>Developed and produced in Denmark<\/li>\n<\/ul>\n<p><strong>Suitable for: <\/strong>Alle h\u00e5r- og hovedbundstyper.<\/p>\n<p><strong>Anvendelse<\/strong>: Fordeles i hele det nyvaskede h\u00e5r, og lad det sidde 1-2 min f\u00f8r det skylles grundigt ud. TIP: Lad conditioneren sidde i h\u00e5ret i l\u00e6ngere tid, og brug den som h\u00e5rkur.<\/p>\n<p style=\"text-align: left;\"><em>For bedste resultat, anvend sammen med Leonhard <a href=\"https:\/\/leonharddenmark.dk\/en\/shop\/calming-shampoo-for-dry-fleeky-and-sensitive-scalp\/\" target=\"_blank\" rel=\"noopener noreferrer\">Calming shampoo<\/a>.<\/em><\/p>","protected":false},"excerpt":{"rendered":"<p>Opn\u00e5 et l\u00e6kkert, bl\u00f8dt h\u00e5r, der er nemt at rede ud med den silikonefri Conditioner. En dybdeplejende og cremet conditioner, som fugter og bl\u00f8dg\u00f8r h\u00e5ret uden at tynge samt modvirker statisk elektricitet. Conditioner er velegnet til alle h\u00e5r og hovedbundstyper med sine milde ingredienser og n\u00e6rende og fugtgivende egenskaber.<\/p>","protected":false},"featured_media":6881,"template":"","meta":[],"product_brand":[],"product_cat":[25],"product_tag":[],"class_list":{"0":"post-5990","1":"product","2":"type-product","3":"status-publish","4":"has-post-thumbnail","6":"product_cat-haar-og-hovedbund","8":"first","9":"instock","10":"shipping-taxable","11":"purchasable","12":"product-type-simple"},"yoast_head":"<!-- This site is optimized with the Yoast SEO plugin v27.6 - https:\/\/yoast.com\/product\/yoast-seo-wordpress\/ -->\n<title>CONDITIONER &#8902; Leonhard Denmark<\/title>\n<meta name=\"description\" content=\"Opn\u00e5 et l\u00e6kkert, bl\u00f8dt h\u00e5r, der er nemt at rede ud med den silikonfri Conditioner. En dybdeplejende og cremet conditioner, som fugter og bl\u00f8dg\u00f8r h\u00e5ret uden at tynge samt modvirker statisk elektricitet.\" \/>\n<meta name=\"robots\" content=\"index, follow, max-snippet:-1, max-image-preview:large, max-video-preview:-1\" \/>\n<link rel=\"canonical\" href=\"https:\/\/leonharddenmark.dk\/en\/shop\/leonhard-conditioner\/\" \/>\n<meta property=\"og:locale\" content=\"en_GB\" \/>\n<meta property=\"og:type\" content=\"article\" \/>\n<meta property=\"og:title\" content=\"CONDITIONER &#8902; Leonhard Denmark\" \/>\n<meta property=\"og:description\" content=\"Opn\u00e5 et l\u00e6kkert, bl\u00f8dt h\u00e5r, der er nemt at rede ud med den silikonfri Conditioner. En dybdeplejende og cremet conditioner, som fugter og bl\u00f8dg\u00f8r h\u00e5ret uden at tynge samt modvirker statisk elektricitet.\" \/>\n<meta property=\"og:url\" content=\"https:\/\/leonharddenmark.dk\/en\/shop\/leonhard-conditioner\/\" \/>\n<meta property=\"og:site_name\" content=\"Leonhard Denmark\" \/>\n<meta property=\"article:publisher\" content=\"http:\/\/www.facebook.com\/leonharddenmark\" \/>\n<meta property=\"article:modified_time\" content=\"2022-11-26T02:54:03+00:00\" \/>\n<meta property=\"og:image\" content=\"https:\/\/leonharddenmark.dk\/wp-content\/uploads\/2020\/05\/leonhard-conditioner_web.png\" \/>\n\t<meta property=\"og:image:width\" content=\"618\" \/>\n\t<meta property=\"og:image:height\" content=\"621\" \/>\n\t<meta property=\"og:image:type\" content=\"image\/png\" \/>\n<meta name=\"twitter:card\" content=\"summary_large_image\" \/>\n<meta name=\"twitter:label1\" content=\"Estimated reading time\" \/>\n\t<meta name=\"twitter:data1\" content=\"2 minutes\" \/>\n<script type=\"application\/ld+json\" class=\"yoast-schema-graph\">{\"@context\":\"https:\\\/\\\/schema.org\",\"@graph\":[{\"@type\":\"WebPage\",\"@id\":\"https:\\\/\\\/leonharddenmark.dk\\\/shop\\\/leonhard-conditioner\\\/\",\"url\":\"https:\\\/\\\/leonharddenmark.dk\\\/shop\\\/leonhard-conditioner\\\/\",\"name\":\"CONDITIONER &#8902; Leonhard Denmark\",\"isPartOf\":{\"@id\":\"https:\\\/\\\/leonharddenmark.dk\\\/#website\"},\"primaryImageOfPage\":{\"@id\":\"https:\\\/\\\/leonharddenmark.dk\\\/shop\\\/leonhard-conditioner\\\/#primaryimage\"},\"image\":{\"@id\":\"https:\\\/\\\/leonharddenmark.dk\\\/shop\\\/leonhard-conditioner\\\/#primaryimage\"},\"thumbnailUrl\":\"https:\\\/\\\/leonharddenmark.dk\\\/wp-content\\\/uploads\\\/2020\\\/05\\\/leonhard-conditioner_web.png\",\"datePublished\":\"2020-05-28T11:59:30+00:00\",\"dateModified\":\"2022-11-26T02:54:03+00:00\",\"description\":\"Opn\u00e5 et l\u00e6kkert, bl\u00f8dt h\u00e5r, der er nemt at rede ud med den silikonfri Conditioner. En dybdeplejende og cremet conditioner, som fugter og bl\u00f8dg\u00f8r h\u00e5ret uden at tynge samt modvirker statisk elektricitet.\",\"breadcrumb\":{\"@id\":\"https:\\\/\\\/leonharddenmark.dk\\\/shop\\\/leonhard-conditioner\\\/#breadcrumb\"},\"inLanguage\":\"en-GB\",\"potentialAction\":[{\"@type\":\"ReadAction\",\"target\":[\"https:\\\/\\\/leonharddenmark.dk\\\/shop\\\/leonhard-conditioner\\\/\"]}]},{\"@type\":\"ImageObject\",\"inLanguage\":\"en-GB\",\"@id\":\"https:\\\/\\\/leonharddenmark.dk\\\/shop\\\/leonhard-conditioner\\\/#primaryimage\",\"url\":\"https:\\\/\\\/leonharddenmark.dk\\\/wp-content\\\/uploads\\\/2020\\\/05\\\/leonhard-conditioner_web.png\",\"contentUrl\":\"https:\\\/\\\/leonharddenmark.dk\\\/wp-content\\\/uploads\\\/2020\\\/05\\\/leonhard-conditioner_web.png\",\"width\":618,\"height\":621},{\"@type\":\"BreadcrumbList\",\"@id\":\"https:\\\/\\\/leonharddenmark.dk\\\/shop\\\/leonhard-conditioner\\\/#breadcrumb\",\"itemListElement\":[{\"@type\":\"ListItem\",\"position\":1,\"name\":\"Hjem\",\"item\":\"https:\\\/\\\/leonharddenmark.dk\\\/\"},{\"@type\":\"ListItem\",\"position\":2,\"name\":\"Shop\",\"item\":\"https:\\\/\\\/leonharddenmark.dk\\\/shop\\\/\"},{\"@type\":\"ListItem\",\"position\":3,\"name\":\"CONDITIONER\"}]},{\"@type\":\"WebSite\",\"@id\":\"https:\\\/\\\/leonharddenmark.dk\\\/#website\",\"url\":\"https:\\\/\\\/leonharddenmark.dk\\\/\",\"name\":\"Leonhard Denmark\",\"description\":\"\",\"potentialAction\":[{\"@type\":\"SearchAction\",\"target\":{\"@type\":\"EntryPoint\",\"urlTemplate\":\"https:\\\/\\\/leonharddenmark.dk\\\/?s={search_term_string}\"},\"query-input\":{\"@type\":\"PropertyValueSpecification\",\"valueRequired\":true,\"valueName\":\"search_term_string\"}}],\"inLanguage\":\"en-GB\"}]}<\/script>\n<!-- \/ Yoast SEO plugin. -->","yoast_head_json":{"title":"CONDITIONER &#8902; Leonhard Denmark","description":"Opn\u00e5 et l\u00e6kkert, bl\u00f8dt h\u00e5r, der er nemt at rede ud med den silikonfri Conditioner. En dybdeplejende og cremet conditioner, som fugter og bl\u00f8dg\u00f8r h\u00e5ret uden at tynge samt modvirker statisk elektricitet.","robots":{"index":"index","follow":"follow","max-snippet":"max-snippet:-1","max-image-preview":"max-image-preview:large","max-video-preview":"max-video-preview:-1"},"canonical":"https:\/\/leonharddenmark.dk\/en\/shop\/leonhard-conditioner\/","og_locale":"en_GB","og_type":"article","og_title":"CONDITIONER &#8902; Leonhard Denmark","og_description":"Opn\u00e5 et l\u00e6kkert, bl\u00f8dt h\u00e5r, der er nemt at rede ud med den silikonfri Conditioner. En dybdeplejende og cremet conditioner, som fugter og bl\u00f8dg\u00f8r h\u00e5ret uden at tynge samt modvirker statisk elektricitet.","og_url":"https:\/\/leonharddenmark.dk\/en\/shop\/leonhard-conditioner\/","og_site_name":"Leonhard Denmark","article_publisher":"http:\/\/www.facebook.com\/leonharddenmark","article_modified_time":"2022-11-26T02:54:03+00:00","og_image":[{"width":618,"height":621,"url":"https:\/\/leonharddenmark.dk\/wp-content\/uploads\/2020\/05\/leonhard-conditioner_web.png","type":"image\/png"}],"twitter_card":"summary_large_image","twitter_misc":{"Estimated reading time":"2 minutes"},"schema":{"@context":"https:\/\/schema.org","@graph":[{"@type":"WebPage","@id":"https:\/\/leonharddenmark.dk\/shop\/leonhard-conditioner\/","url":"https:\/\/leonharddenmark.dk\/shop\/leonhard-conditioner\/","name":"CONDITIONER &#8902; Leonhard Denmark","isPartOf":{"@id":"https:\/\/leonharddenmark.dk\/#website"},"primaryImageOfPage":{"@id":"https:\/\/leonharddenmark.dk\/shop\/leonhard-conditioner\/#primaryimage"},"image":{"@id":"https:\/\/leonharddenmark.dk\/shop\/leonhard-conditioner\/#primaryimage"},"thumbnailUrl":"https:\/\/leonharddenmark.dk\/wp-content\/uploads\/2020\/05\/leonhard-conditioner_web.png","datePublished":"2020-05-28T11:59:30+00:00","dateModified":"2022-11-26T02:54:03+00:00","description":"Opn\u00e5 et l\u00e6kkert, bl\u00f8dt h\u00e5r, der er nemt at rede ud med den silikonfri Conditioner. En dybdeplejende og cremet conditioner, som fugter og bl\u00f8dg\u00f8r h\u00e5ret uden at tynge samt modvirker statisk elektricitet.","breadcrumb":{"@id":"https:\/\/leonharddenmark.dk\/shop\/leonhard-conditioner\/#breadcrumb"},"inLanguage":"en-GB","potentialAction":[{"@type":"ReadAction","target":["https:\/\/leonharddenmark.dk\/shop\/leonhard-conditioner\/"]}]},{"@type":"ImageObject","inLanguage":"en-GB","@id":"https:\/\/leonharddenmark.dk\/shop\/leonhard-conditioner\/#primaryimage","url":"https:\/\/leonharddenmark.dk\/wp-content\/uploads\/2020\/05\/leonhard-conditioner_web.png","contentUrl":"https:\/\/leonharddenmark.dk\/wp-content\/uploads\/2020\/05\/leonhard-conditioner_web.png","width":618,"height":621},{"@type":"BreadcrumbList","@id":"https:\/\/leonharddenmark.dk\/shop\/leonhard-conditioner\/#breadcrumb","itemListElement":[{"@type":"ListItem","position":1,"name":"Hjem","item":"https:\/\/leonharddenmark.dk\/"},{"@type":"ListItem","position":2,"name":"Shop","item":"https:\/\/leonharddenmark.dk\/shop\/"},{"@type":"ListItem","position":3,"name":"CONDITIONER"}]},{"@type":"WebSite","@id":"https:\/\/leonharddenmark.dk\/#website","url":"https:\/\/leonharddenmark.dk\/","name":"Leonhard Denmark","description":"","potentialAction":[{"@type":"SearchAction","target":{"@type":"EntryPoint","urlTemplate":"https:\/\/leonharddenmark.dk\/?s={search_term_string}"},"query-input":{"@type":"PropertyValueSpecification","valueRequired":true,"valueName":"search_term_string"}}],"inLanguage":"en-GB"}]}},"_links":{"self":[{"href":"https:\/\/leonharddenmark.dk\/en\/wp-json\/wp\/v2\/product\/5990","targetHints":{"allow":["GET"]}}],"collection":[{"href":"https:\/\/leonharddenmark.dk\/en\/wp-json\/wp\/v2\/product"}],"about":[{"href":"https:\/\/leonharddenmark.dk\/en\/wp-json\/wp\/v2\/types\/product"}],"wp:featuredmedia":[{"embeddable":true,"href":"https:\/\/leonharddenmark.dk\/en\/wp-json\/wp\/v2\/media\/6881"}],"wp:attachment":[{"href":"https:\/\/leonharddenmark.dk\/en\/wp-json\/wp\/v2\/media?parent=5990"}],"wp:term":[{"taxonomy":"product_brand","embeddable":true,"href":"https:\/\/leonharddenmark.dk\/en\/wp-json\/wp\/v2\/product_brand?post=5990"},{"taxonomy":"product_cat","embeddable":true,"href":"https:\/\/leonharddenmark.dk\/en\/wp-json\/wp\/v2\/product_cat?post=5990"},{"taxonomy":"product_tag","embeddable":true,"href":"https:\/\/leonharddenmark.dk\/en\/wp-json\/wp\/v2\/product_tag?post=5990"}],"curies":[{"name":"wp","href":"https:\/\/api.w.org\/{rel}","templated":true}]}}