{"id":5772,"date":"2020-03-26T11:08:20","date_gmt":"2020-03-26T11:08:20","guid":{"rendered":"https:\/\/leonharddenmark.dk\/shop\/gavekort\/"},"modified":"2020-11-16T12:33:46","modified_gmt":"2020-11-16T12:33:46","slug":"gavekort","status":"publish","type":"product","link":"https:\/\/leonharddenmark.dk\/en\/shop\/gavekort\/","title":{"rendered":"Gift card"},"content":{"rendered":"<p>K\u00f8b et gavekort til dig selv, eller overrask en, du holder af. Gavekortet er et sikkert hit, hvor modtageren selv kan v\u00e6lge sine favoritter blandt Leonhard Denmarks produkter.<\/p>\n<p>Du modtager med det samme, s\u00e5 du kan printe gavekortet ud derhjemme, eller kan sendes direkte til en anden modtagers mailboks.<\/p>\n<p><strong>S\u00e5dan indl\u00f8ser du et gavekort<\/strong><br \/>\nN\u00e5r du har k\u00f8bt et gavekort, modtager du en mail med din unikke gavekortkode. Gavekortkoden bruges inde p\u00e5 Leonharddenmark.dk lige n\u00e5r du har lyst. Fyld varer i kurven, og under betaling bruger du koden i feltet ved: Rabatkuponkode. Indtast koden, tryk p\u00e5 knappen &#8220;anvend rabatkupon&#8221; og v\u00e6rdien af gavekortet bliver automatisk trukket fra.<\/p>","protected":false},"excerpt":{"rendered":"<p>K\u00f8b et gavekort til dig selv, eller overrask en, du holder af. Gavekortet er et sikkert hit, hvor modtageren selv kan v\u00e6lge sine favoritter blandt Leonhard Denmarks produkter.<\/p>","protected":false},"featured_media":6414,"template":"","meta":[],"product_brand":[],"product_cat":[25,24],"product_tag":[],"class_list":{"0":"post-5772","1":"product","2":"type-product","3":"status-publish","4":"has-post-thumbnail","6":"product_cat-haar-og-hovedbund","7":"product_cat-krop-og-ansigt","9":"first","10":"instock","11":"purchasable","12":"product-type-pw-gift-card"},"yoast_head":"<!-- This site is optimized with the Yoast SEO plugin v27.6 - https:\/\/yoast.com\/product\/yoast-seo-wordpress\/ -->\n<title>Gavekort &#8902; Leonhard Denmark<\/title>\n<meta name=\"robots\" content=\"index, follow, max-snippet:-1, max-image-preview:large, max-video-preview:-1\" \/>\n<link rel=\"canonical\" href=\"http:\/\/leonharddenmark.dk\/en\/shop\/gavekort\/\" \/>\n<meta property=\"og:locale\" content=\"en_GB\" \/>\n<meta property=\"og:type\" content=\"article\" \/>\n<meta property=\"og:title\" content=\"Gavekort &#8902; Leonhard Denmark\" \/>\n<meta property=\"og:description\" content=\"K\u00f8b et gavekort til dig selv, eller overrask en, du holder af. Gavekortet er et sikkert hit, hvor modtageren selv kan v\u00e6lge sine favoritter blandt Leonhard Denmarks produkter.\" \/>\n<meta property=\"og:url\" content=\"http:\/\/leonharddenmark.dk\/en\/shop\/gavekort\/\" \/>\n<meta property=\"og:site_name\" content=\"Leonhard Denmark\" \/>\n<meta property=\"article:publisher\" content=\"http:\/\/www.facebook.com\/leonharddenmark\" \/>\n<meta property=\"article:modified_time\" content=\"2020-11-16T12:33:46+00:00\" \/>\n<meta property=\"og:image\" content=\"https:\/\/leonharddenmark.dk\/wp-content\/uploads\/2020\/09\/Leonhard-Denmark-Gavekort.jpg\" \/>\n\t<meta property=\"og:image:width\" content=\"618\" \/>\n\t<meta property=\"og:image:height\" content=\"618\" \/>\n\t<meta property=\"og:image:type\" content=\"image\/jpeg\" \/>\n<meta name=\"twitter:card\" content=\"summary_large_image\" \/>\n<meta name=\"twitter:label1\" content=\"Estimated reading time\" \/>\n\t<meta name=\"twitter:data1\" content=\"1 minute\" \/>\n<script type=\"application\/ld+json\" class=\"yoast-schema-graph\">{\"@context\":\"https:\\\/\\\/schema.org\",\"@graph\":[{\"@type\":\"WebPage\",\"@id\":\"http:\\\/\\\/leonharddenmark.dk\\\/en\\\/shop\\\/gavekort\\\/\",\"url\":\"http:\\\/\\\/leonharddenmark.dk\\\/en\\\/shop\\\/gavekort\\\/\",\"name\":\"Gavekort &#8902; Leonhard Denmark\",\"isPartOf\":{\"@id\":\"https:\\\/\\\/leonharddenmark.dk\\\/#website\"},\"primaryImageOfPage\":{\"@id\":\"http:\\\/\\\/leonharddenmark.dk\\\/en\\\/shop\\\/gavekort\\\/#primaryimage\"},\"image\":{\"@id\":\"http:\\\/\\\/leonharddenmark.dk\\\/en\\\/shop\\\/gavekort\\\/#primaryimage\"},\"thumbnailUrl\":\"https:\\\/\\\/leonharddenmark.dk\\\/wp-content\\\/uploads\\\/2020\\\/09\\\/Leonhard-Denmark-Gavekort.jpg\",\"datePublished\":\"2020-03-26T11:08:20+00:00\",\"dateModified\":\"2020-11-16T12:33:46+00:00\",\"breadcrumb\":{\"@id\":\"http:\\\/\\\/leonharddenmark.dk\\\/en\\\/shop\\\/gavekort\\\/#breadcrumb\"},\"inLanguage\":\"en-GB\",\"potentialAction\":[{\"@type\":\"ReadAction\",\"target\":[\"http:\\\/\\\/leonharddenmark.dk\\\/en\\\/shop\\\/gavekort\\\/\"]}]},{\"@type\":\"ImageObject\",\"inLanguage\":\"en-GB\",\"@id\":\"http:\\\/\\\/leonharddenmark.dk\\\/en\\\/shop\\\/gavekort\\\/#primaryimage\",\"url\":\"https:\\\/\\\/leonharddenmark.dk\\\/wp-content\\\/uploads\\\/2020\\\/09\\\/Leonhard-Denmark-Gavekort.jpg\",\"contentUrl\":\"https:\\\/\\\/leonharddenmark.dk\\\/wp-content\\\/uploads\\\/2020\\\/09\\\/Leonhard-Denmark-Gavekort.jpg\",\"width\":618,\"height\":618,\"caption\":\"Elektronisk gavekort gave\"},{\"@type\":\"BreadcrumbList\",\"@id\":\"http:\\\/\\\/leonharddenmark.dk\\\/en\\\/shop\\\/gavekort\\\/#breadcrumb\",\"itemListElement\":[{\"@type\":\"ListItem\",\"position\":1,\"name\":\"Hjem\",\"item\":\"https:\\\/\\\/leonharddenmark.dk\\\/\"},{\"@type\":\"ListItem\",\"position\":2,\"name\":\"Shop\",\"item\":\"https:\\\/\\\/leonharddenmark.dk\\\/shop\\\/\"},{\"@type\":\"ListItem\",\"position\":3,\"name\":\"Gavekort\"}]},{\"@type\":\"WebSite\",\"@id\":\"https:\\\/\\\/leonharddenmark.dk\\\/#website\",\"url\":\"https:\\\/\\\/leonharddenmark.dk\\\/\",\"name\":\"Leonhard Denmark\",\"description\":\"\",\"potentialAction\":[{\"@type\":\"SearchAction\",\"target\":{\"@type\":\"EntryPoint\",\"urlTemplate\":\"https:\\\/\\\/leonharddenmark.dk\\\/?s={search_term_string}\"},\"query-input\":{\"@type\":\"PropertyValueSpecification\",\"valueRequired\":true,\"valueName\":\"search_term_string\"}}],\"inLanguage\":\"en-GB\"}]}<\/script>\n<!-- \/ Yoast SEO plugin. -->","yoast_head_json":{"title":"Gavekort &#8902; Leonhard Denmark","robots":{"index":"index","follow":"follow","max-snippet":"max-snippet:-1","max-image-preview":"max-image-preview:large","max-video-preview":"max-video-preview:-1"},"canonical":"http:\/\/leonharddenmark.dk\/en\/shop\/gavekort\/","og_locale":"en_GB","og_type":"article","og_title":"Gavekort &#8902; Leonhard Denmark","og_description":"K\u00f8b et gavekort til dig selv, eller overrask en, du holder af. Gavekortet er et sikkert hit, hvor modtageren selv kan v\u00e6lge sine favoritter blandt Leonhard Denmarks produkter.","og_url":"http:\/\/leonharddenmark.dk\/en\/shop\/gavekort\/","og_site_name":"Leonhard Denmark","article_publisher":"http:\/\/www.facebook.com\/leonharddenmark","article_modified_time":"2020-11-16T12:33:46+00:00","og_image":[{"width":618,"height":618,"url":"https:\/\/leonharddenmark.dk\/wp-content\/uploads\/2020\/09\/Leonhard-Denmark-Gavekort.jpg","type":"image\/jpeg"}],"twitter_card":"summary_large_image","twitter_misc":{"Estimated reading time":"1 minute"},"schema":{"@context":"https:\/\/schema.org","@graph":[{"@type":"WebPage","@id":"http:\/\/leonharddenmark.dk\/en\/shop\/gavekort\/","url":"http:\/\/leonharddenmark.dk\/en\/shop\/gavekort\/","name":"Gavekort &#8902; Leonhard Denmark","isPartOf":{"@id":"https:\/\/leonharddenmark.dk\/#website"},"primaryImageOfPage":{"@id":"http:\/\/leonharddenmark.dk\/en\/shop\/gavekort\/#primaryimage"},"image":{"@id":"http:\/\/leonharddenmark.dk\/en\/shop\/gavekort\/#primaryimage"},"thumbnailUrl":"https:\/\/leonharddenmark.dk\/wp-content\/uploads\/2020\/09\/Leonhard-Denmark-Gavekort.jpg","datePublished":"2020-03-26T11:08:20+00:00","dateModified":"2020-11-16T12:33:46+00:00","breadcrumb":{"@id":"http:\/\/leonharddenmark.dk\/en\/shop\/gavekort\/#breadcrumb"},"inLanguage":"en-GB","potentialAction":[{"@type":"ReadAction","target":["http:\/\/leonharddenmark.dk\/en\/shop\/gavekort\/"]}]},{"@type":"ImageObject","inLanguage":"en-GB","@id":"http:\/\/leonharddenmark.dk\/en\/shop\/gavekort\/#primaryimage","url":"https:\/\/leonharddenmark.dk\/wp-content\/uploads\/2020\/09\/Leonhard-Denmark-Gavekort.jpg","contentUrl":"https:\/\/leonharddenmark.dk\/wp-content\/uploads\/2020\/09\/Leonhard-Denmark-Gavekort.jpg","width":618,"height":618,"caption":"Elektronisk gavekort gave"},{"@type":"BreadcrumbList","@id":"http:\/\/leonharddenmark.dk\/en\/shop\/gavekort\/#breadcrumb","itemListElement":[{"@type":"ListItem","position":1,"name":"Hjem","item":"https:\/\/leonharddenmark.dk\/"},{"@type":"ListItem","position":2,"name":"Shop","item":"https:\/\/leonharddenmark.dk\/shop\/"},{"@type":"ListItem","position":3,"name":"Gavekort"}]},{"@type":"WebSite","@id":"https:\/\/leonharddenmark.dk\/#website","url":"https:\/\/leonharddenmark.dk\/","name":"Leonhard Denmark","description":"","potentialAction":[{"@type":"SearchAction","target":{"@type":"EntryPoint","urlTemplate":"https:\/\/leonharddenmark.dk\/?s={search_term_string}"},"query-input":{"@type":"PropertyValueSpecification","valueRequired":true,"valueName":"search_term_string"}}],"inLanguage":"en-GB"}]}},"_links":{"self":[{"href":"https:\/\/leonharddenmark.dk\/en\/wp-json\/wp\/v2\/product\/5772","targetHints":{"allow":["GET"]}}],"collection":[{"href":"https:\/\/leonharddenmark.dk\/en\/wp-json\/wp\/v2\/product"}],"about":[{"href":"https:\/\/leonharddenmark.dk\/en\/wp-json\/wp\/v2\/types\/product"}],"wp:featuredmedia":[{"embeddable":true,"href":"https:\/\/leonharddenmark.dk\/en\/wp-json\/wp\/v2\/media\/6414"}],"wp:attachment":[{"href":"https:\/\/leonharddenmark.dk\/en\/wp-json\/wp\/v2\/media?parent=5772"}],"wp:term":[{"taxonomy":"product_brand","embeddable":true,"href":"https:\/\/leonharddenmark.dk\/en\/wp-json\/wp\/v2\/product_brand?post=5772"},{"taxonomy":"product_cat","embeddable":true,"href":"https:\/\/leonharddenmark.dk\/en\/wp-json\/wp\/v2\/product_cat?post=5772"},{"taxonomy":"product_tag","embeddable":true,"href":"https:\/\/leonharddenmark.dk\/en\/wp-json\/wp\/v2\/product_tag?post=5772"}],"curies":[{"name":"wp","href":"https:\/\/api.w.org\/{rel}","templated":true}]}}