{"id":2786,"date":"2019-11-18T10:48:56","date_gmt":"2019-11-18T10:48:56","guid":{"rendered":"https:\/\/leonharddenmark.dk\/?post_type=product&#038;p=2786"},"modified":"2022-11-26T02:54:37","modified_gmt":"2022-11-26T02:54:37","slug":"calming-shampoo-for-dry-flaky-and-sensitive-scalp","status":"publish","type":"product","link":"https:\/\/leonharddenmark.dk\/en\/shop\/calming-shampoo-for-dry-flaky-and-sensitive-scalp\/","title":{"rendered":"CALMING SHAMPOO For Dry, Flaky and Sensitive Scalp 250 ml"},"content":{"rendered":"<p>Calming Shampoo for dry, flaky and sensitive Scalp er et vidunderprodukt til personer med hovedbundsproblemer. Fork\u00e6l dit h\u00e5r med n\u00e6rende planteekstrakter, som genopbygger hovedbunden og styrker h\u00e5rproduktionen. Shampooen vasker og renser hovedbunden sk\u00e5nsomt, imens den plejer, stabiliserer hovedbunden og efterlader h\u00e5ret sundt og glansfuldt.<\/p>\n<p>The nourishing and antiseptic qualities in the shampoo are due to the content of natural plant extracts and sea salt which add minerals and antioxidants. The shampoo contains Leonhard's delicious hand made plant extracts from, among other things, juniper berry, hemp and fenugreek which in addition to having cell-renewing qualities have a calming, anti-inflammatory, moisturizing effect and stimulates hair growth. In combination, this provides a shampoo that calms and rebuilds the scalp while strengthening the hair production.<\/p>\n<ul>\n<li>Calms and rebuilds<\/li>\n<li>Without SLS or perfume<\/li>\n<li>Stimulerer h\u00e5ret<\/li>\n<li>100 % vegan<\/li>\n<li>pH-value around 4,7<\/li>\n<li>Developed and produced in Denmark<\/li>\n<li>For both men and women<\/li>\n<\/ul>\n<p><strong>What our 237 test persons said (173 had psoriasis in the scalp):<\/strong><\/p>\n<p>87% had visibly improved scalp within a week (205 persons)<br \/>\n92% experienced reduced itching within a week (217 persons)<br \/>\n92% would recommend the product to a friend (217 persons)<br \/>\n93% would buy the product again (219 persons)<\/p>\n<p><strong>Suitable for:<\/strong> Dry, irritated, flaky and sensitive scalp.<\/p>\n<p><strong>Use:<\/strong> Fordel shampooen i v\u00e5dt h\u00e5r og massere godt ind i hovedbunden, f\u00f8r shampooen skylles ud igen. Tip: Lad shampooen sidde i h\u00e5ret i 2-3 minutter for maksimal effekt.<\/p>\n<p>For best result, use with Leonhard Conditioner.<\/p>","protected":false},"excerpt":{"rendered":"<p>Calming Shampoo for dry, flaky and sensitive scalp er et vidunderprodukt til personer med hovedbundsproblemer. Fork\u00e6l dit h\u00e5r med n\u00e6rende planteekstrakter, som genopbygger hovedbunden og styrker h\u00e5rproduktionen. Shampooen vasker og renser hovedbunden sk\u00e5nsomt, imens den plejer, stabiliserer hovedbunden og efterlader h\u00e5ret sundt og glansfuldt.<\/p>","protected":false},"featured_media":6882,"template":"","meta":[],"product_brand":[],"product_cat":[25],"product_tag":[34],"class_list":{"0":"post-2786","1":"product","2":"type-product","3":"status-publish","4":"has-post-thumbnail","6":"product_cat-haar-og-hovedbund","7":"product_tag-shampoo","9":"first","10":"instock","11":"shipping-taxable","12":"purchasable","13":"product-type-simple"},"yoast_head":"<!-- This site is optimized with the Yoast SEO plugin v27.6 - https:\/\/yoast.com\/product\/yoast-seo-wordpress\/ -->\n<title>CALMING SHAMPOO for dry, flaky and sensitive scalp &#8902; Leonhard Denmark<\/title>\n<meta name=\"description\" content=\"Et vidunderprodukt til hovedbundsproblemer. Afhj\u00e6lper t\u00f8r, sk\u00e6llende og sensitiv hovedbund fra f\u00f8rste vask. Find den her!\" \/>\n<meta name=\"robots\" content=\"index, follow, max-snippet:-1, max-image-preview:large, max-video-preview:-1\" \/>\n<link rel=\"canonical\" href=\"https:\/\/leonharddenmark.dk\/en\/shop\/calming-shampoo-for-dry-flaky-and-sensitive-scalp\/\" \/>\n<meta property=\"og:locale\" content=\"en_GB\" \/>\n<meta property=\"og:type\" content=\"article\" \/>\n<meta property=\"og:title\" content=\"CALMING SHAMPOO for dry, flaky and sensitive scalp &#8902; Leonhard Denmark\" \/>\n<meta property=\"og:description\" content=\"Et vidunderprodukt til hovedbundsproblemer. Afhj\u00e6lper t\u00f8r, sk\u00e6llende og sensitiv hovedbund fra f\u00f8rste vask. Find den her!\" \/>\n<meta property=\"og:url\" content=\"https:\/\/leonharddenmark.dk\/en\/shop\/calming-shampoo-for-dry-flaky-and-sensitive-scalp\/\" \/>\n<meta property=\"og:site_name\" content=\"Leonhard Denmark\" \/>\n<meta property=\"article:publisher\" content=\"http:\/\/www.facebook.com\/leonharddenmark\" \/>\n<meta property=\"article:modified_time\" content=\"2022-11-26T02:54:37+00:00\" \/>\n<meta property=\"og:image\" content=\"https:\/\/leonharddenmark.dk\/wp-content\/uploads\/2019\/11\/leonhard-shampoo_web.png\" \/>\n\t<meta property=\"og:image:width\" content=\"618\" \/>\n\t<meta property=\"og:image:height\" content=\"621\" \/>\n\t<meta property=\"og:image:type\" content=\"image\/png\" \/>\n<meta name=\"twitter:card\" content=\"summary_large_image\" \/>\n<meta name=\"twitter:label1\" content=\"Estimated reading time\" \/>\n\t<meta name=\"twitter:data1\" content=\"2 minutes\" \/>\n<script type=\"application\/ld+json\" class=\"yoast-schema-graph\">{\"@context\":\"https:\\\/\\\/schema.org\",\"@graph\":[{\"@type\":\"WebPage\",\"@id\":\"https:\\\/\\\/leonharddenmark.dk\\\/shop\\\/calming-shampoo-for-dry-flaky-and-sensitive-scalp\\\/\",\"url\":\"https:\\\/\\\/leonharddenmark.dk\\\/shop\\\/calming-shampoo-for-dry-flaky-and-sensitive-scalp\\\/\",\"name\":\"CALMING SHAMPOO for dry, flaky and sensitive scalp &#8902; Leonhard Denmark\",\"isPartOf\":{\"@id\":\"https:\\\/\\\/leonharddenmark.dk\\\/#website\"},\"primaryImageOfPage\":{\"@id\":\"https:\\\/\\\/leonharddenmark.dk\\\/shop\\\/calming-shampoo-for-dry-flaky-and-sensitive-scalp\\\/#primaryimage\"},\"image\":{\"@id\":\"https:\\\/\\\/leonharddenmark.dk\\\/shop\\\/calming-shampoo-for-dry-flaky-and-sensitive-scalp\\\/#primaryimage\"},\"thumbnailUrl\":\"https:\\\/\\\/leonharddenmark.dk\\\/wp-content\\\/uploads\\\/2019\\\/11\\\/leonhard-shampoo_web.png\",\"datePublished\":\"2019-11-18T10:48:56+00:00\",\"dateModified\":\"2022-11-26T02:54:37+00:00\",\"description\":\"Et vidunderprodukt til hovedbundsproblemer. Afhj\u00e6lper t\u00f8r, sk\u00e6llende og sensitiv hovedbund fra f\u00f8rste vask. Find den her!\",\"breadcrumb\":{\"@id\":\"https:\\\/\\\/leonharddenmark.dk\\\/shop\\\/calming-shampoo-for-dry-flaky-and-sensitive-scalp\\\/#breadcrumb\"},\"inLanguage\":\"en-GB\",\"potentialAction\":[{\"@type\":\"ReadAction\",\"target\":[\"https:\\\/\\\/leonharddenmark.dk\\\/shop\\\/calming-shampoo-for-dry-flaky-and-sensitive-scalp\\\/\"]}]},{\"@type\":\"ImageObject\",\"inLanguage\":\"en-GB\",\"@id\":\"https:\\\/\\\/leonharddenmark.dk\\\/shop\\\/calming-shampoo-for-dry-flaky-and-sensitive-scalp\\\/#primaryimage\",\"url\":\"https:\\\/\\\/leonharddenmark.dk\\\/wp-content\\\/uploads\\\/2019\\\/11\\\/leonhard-shampoo_web.png\",\"contentUrl\":\"https:\\\/\\\/leonharddenmark.dk\\\/wp-content\\\/uploads\\\/2019\\\/11\\\/leonhard-shampoo_web.png\",\"width\":618,\"height\":621},{\"@type\":\"BreadcrumbList\",\"@id\":\"https:\\\/\\\/leonharddenmark.dk\\\/shop\\\/calming-shampoo-for-dry-flaky-and-sensitive-scalp\\\/#breadcrumb\",\"itemListElement\":[{\"@type\":\"ListItem\",\"position\":1,\"name\":\"Hjem\",\"item\":\"https:\\\/\\\/leonharddenmark.dk\\\/\"},{\"@type\":\"ListItem\",\"position\":2,\"name\":\"Shop\",\"item\":\"https:\\\/\\\/leonharddenmark.dk\\\/shop\\\/\"},{\"@type\":\"ListItem\",\"position\":3,\"name\":\"CALMING SHAMPOO for dry, flaky and sensitive scalp\"}]},{\"@type\":\"WebSite\",\"@id\":\"https:\\\/\\\/leonharddenmark.dk\\\/#website\",\"url\":\"https:\\\/\\\/leonharddenmark.dk\\\/\",\"name\":\"Leonhard Denmark\",\"description\":\"\",\"potentialAction\":[{\"@type\":\"SearchAction\",\"target\":{\"@type\":\"EntryPoint\",\"urlTemplate\":\"https:\\\/\\\/leonharddenmark.dk\\\/?s={search_term_string}\"},\"query-input\":{\"@type\":\"PropertyValueSpecification\",\"valueRequired\":true,\"valueName\":\"search_term_string\"}}],\"inLanguage\":\"en-GB\"}]}<\/script>\n<!-- \/ Yoast SEO plugin. -->","yoast_head_json":{"title":"CALMING SHAMPOO for dry, flaky and sensitive scalp &#8902; Leonhard Denmark","description":"Et vidunderprodukt til hovedbundsproblemer. Afhj\u00e6lper t\u00f8r, sk\u00e6llende og sensitiv hovedbund fra f\u00f8rste vask. Find den her!","robots":{"index":"index","follow":"follow","max-snippet":"max-snippet:-1","max-image-preview":"max-image-preview:large","max-video-preview":"max-video-preview:-1"},"canonical":"https:\/\/leonharddenmark.dk\/en\/shop\/calming-shampoo-for-dry-flaky-and-sensitive-scalp\/","og_locale":"en_GB","og_type":"article","og_title":"CALMING SHAMPOO for dry, flaky and sensitive scalp &#8902; Leonhard Denmark","og_description":"Et vidunderprodukt til hovedbundsproblemer. Afhj\u00e6lper t\u00f8r, sk\u00e6llende og sensitiv hovedbund fra f\u00f8rste vask. Find den her!","og_url":"https:\/\/leonharddenmark.dk\/en\/shop\/calming-shampoo-for-dry-flaky-and-sensitive-scalp\/","og_site_name":"Leonhard Denmark","article_publisher":"http:\/\/www.facebook.com\/leonharddenmark","article_modified_time":"2022-11-26T02:54:37+00:00","og_image":[{"width":618,"height":621,"url":"https:\/\/leonharddenmark.dk\/wp-content\/uploads\/2019\/11\/leonhard-shampoo_web.png","type":"image\/png"}],"twitter_card":"summary_large_image","twitter_misc":{"Estimated reading time":"2 minutes"},"schema":{"@context":"https:\/\/schema.org","@graph":[{"@type":"WebPage","@id":"https:\/\/leonharddenmark.dk\/shop\/calming-shampoo-for-dry-flaky-and-sensitive-scalp\/","url":"https:\/\/leonharddenmark.dk\/shop\/calming-shampoo-for-dry-flaky-and-sensitive-scalp\/","name":"CALMING SHAMPOO for dry, flaky and sensitive scalp &#8902; Leonhard Denmark","isPartOf":{"@id":"https:\/\/leonharddenmark.dk\/#website"},"primaryImageOfPage":{"@id":"https:\/\/leonharddenmark.dk\/shop\/calming-shampoo-for-dry-flaky-and-sensitive-scalp\/#primaryimage"},"image":{"@id":"https:\/\/leonharddenmark.dk\/shop\/calming-shampoo-for-dry-flaky-and-sensitive-scalp\/#primaryimage"},"thumbnailUrl":"https:\/\/leonharddenmark.dk\/wp-content\/uploads\/2019\/11\/leonhard-shampoo_web.png","datePublished":"2019-11-18T10:48:56+00:00","dateModified":"2022-11-26T02:54:37+00:00","description":"Et vidunderprodukt til hovedbundsproblemer. Afhj\u00e6lper t\u00f8r, sk\u00e6llende og sensitiv hovedbund fra f\u00f8rste vask. Find den her!","breadcrumb":{"@id":"https:\/\/leonharddenmark.dk\/shop\/calming-shampoo-for-dry-flaky-and-sensitive-scalp\/#breadcrumb"},"inLanguage":"en-GB","potentialAction":[{"@type":"ReadAction","target":["https:\/\/leonharddenmark.dk\/shop\/calming-shampoo-for-dry-flaky-and-sensitive-scalp\/"]}]},{"@type":"ImageObject","inLanguage":"en-GB","@id":"https:\/\/leonharddenmark.dk\/shop\/calming-shampoo-for-dry-flaky-and-sensitive-scalp\/#primaryimage","url":"https:\/\/leonharddenmark.dk\/wp-content\/uploads\/2019\/11\/leonhard-shampoo_web.png","contentUrl":"https:\/\/leonharddenmark.dk\/wp-content\/uploads\/2019\/11\/leonhard-shampoo_web.png","width":618,"height":621},{"@type":"BreadcrumbList","@id":"https:\/\/leonharddenmark.dk\/shop\/calming-shampoo-for-dry-flaky-and-sensitive-scalp\/#breadcrumb","itemListElement":[{"@type":"ListItem","position":1,"name":"Hjem","item":"https:\/\/leonharddenmark.dk\/"},{"@type":"ListItem","position":2,"name":"Shop","item":"https:\/\/leonharddenmark.dk\/shop\/"},{"@type":"ListItem","position":3,"name":"CALMING SHAMPOO for dry, flaky and sensitive scalp"}]},{"@type":"WebSite","@id":"https:\/\/leonharddenmark.dk\/#website","url":"https:\/\/leonharddenmark.dk\/","name":"Leonhard Denmark","description":"","potentialAction":[{"@type":"SearchAction","target":{"@type":"EntryPoint","urlTemplate":"https:\/\/leonharddenmark.dk\/?s={search_term_string}"},"query-input":{"@type":"PropertyValueSpecification","valueRequired":true,"valueName":"search_term_string"}}],"inLanguage":"en-GB"}]}},"_links":{"self":[{"href":"https:\/\/leonharddenmark.dk\/en\/wp-json\/wp\/v2\/product\/2786","targetHints":{"allow":["GET"]}}],"collection":[{"href":"https:\/\/leonharddenmark.dk\/en\/wp-json\/wp\/v2\/product"}],"about":[{"href":"https:\/\/leonharddenmark.dk\/en\/wp-json\/wp\/v2\/types\/product"}],"wp:featuredmedia":[{"embeddable":true,"href":"https:\/\/leonharddenmark.dk\/en\/wp-json\/wp\/v2\/media\/6882"}],"wp:attachment":[{"href":"https:\/\/leonharddenmark.dk\/en\/wp-json\/wp\/v2\/media?parent=2786"}],"wp:term":[{"taxonomy":"product_brand","embeddable":true,"href":"https:\/\/leonharddenmark.dk\/en\/wp-json\/wp\/v2\/product_brand?post=2786"},{"taxonomy":"product_cat","embeddable":true,"href":"https:\/\/leonharddenmark.dk\/en\/wp-json\/wp\/v2\/product_cat?post=2786"},{"taxonomy":"product_tag","embeddable":true,"href":"https:\/\/leonharddenmark.dk\/en\/wp-json\/wp\/v2\/product_tag?post=2786"}],"curies":[{"name":"wp","href":"https:\/\/api.w.org\/{rel}","templated":true}]}}